{"id":92,"date":"2020-10-02T12:14:38","date_gmt":"2020-10-02T12:14:38","guid":{"rendered":"http:\/\/jannalehmann.com\/?page_id=92"},"modified":"2025-08-03T18:23:44","modified_gmt":"2025-08-03T18:23:44","slug":"about-me","status":"publish","type":"page","link":"https:\/\/jannalehmann.com\/?page_id=92","title":{"rendered":"About me"},"content":{"rendered":"<div class=\"wp-block-image\">\n<figure class=\"aligncenter size-full is-resized\"><img loading=\"lazy\" decoding=\"async\" width=\"402\" height=\"548\" src=\"http:\/\/jannalehmann.com\/wp-content\/uploads\/2025\/08\/JannaLehmann.jpg\" alt=\"\" class=\"wp-image-741\" style=\"width:215px;height:auto\" srcset=\"https:\/\/jannalehmann.com\/wp-content\/uploads\/2025\/08\/JannaLehmann.jpg 402w, https:\/\/jannalehmann.com\/wp-content\/uploads\/2025\/08\/JannaLehmann-220x300.jpg 220w\" sizes=\"(max-width: 402px) 100vw, 402px\" \/><\/figure><\/div>\n\n\n<p class=\"has-text-color has-link-color wp-elements-51381f6d4113d9ba6c03c2fc5ca8f0f2\" style=\"color:#4f6228\"><strong>Vielseitig einsetzbar auf dem Weg, Menschen bei Konfliktl\u00f6sungen zu begleiten:<\/strong><\/p>\n\n\n\n<p>Ich habe eine Ausbildung zur <strong>zertifizierten Mediatorin in Naturschutz und Planung<\/strong> bei Dr. Gisela Wachinger, <a href=\"http:\/\/www.wachinger-pro-re.de\/\" data-type=\"URL\" data-id=\"http:\/\/www.wachinger-pro-re.de\/\" target=\"_blank\" rel=\"noreferrer noopener\">pro re<\/a>, absolviert und dort zus\u00e4tzlich erfolgreich weitere Fortbildungen in &#8222;<strong>Mediation von Naturschutz- und Energiewendekonflikten<\/strong>&#8220; und &#8222;<strong>Fallworkshop in Gro\u00dfgruppen-Mediation<\/strong>&#8222;.  (<em>Siehe f\u00fcr die Voraussetzungen die <\/em><a href=\"https:\/\/www.gesetze-im-internet.de\/zmediatausbv\/BJNR199400016.html\" data-type=\"URL\" data-id=\"https:\/\/www.gesetze-im-internet.de\/zmediatausbv\/BJNR199400016.html\" target=\"_blank\" rel=\"noreferrer noopener\"><em>Mediationsausbildungs<\/em>V<\/a>). Inzwischen habe ich so einige <a href=\"http:\/\/jannalehmann.com\/?page_id=266\" data-type=\"link\" data-id=\"http:\/\/jannalehmann.com\/?page_id=266\">Partizipationsverfahren im Team <\/a>bereits begleitet.<\/p>\n\n\n\n<p>Weiterhin habe ich eine Zusatzqualifikation f\u00fcr <strong>Online- und Shuttle-Mediation<\/strong> gemacht (&#8222;<a href=\"https:\/\/www.zweisicht.de\/weiterbildung\/aufbauseminare\/mediation-online.html\" data-type=\"URL\" data-id=\"https:\/\/www.zweisicht.de\/weiterbildung\/aufbauseminare\/mediation-online.html\" target=\"_blank\" rel=\"noreferrer noopener\">Mediation online neu gedacht<\/a>&#8220; Zweisicht, Ausbilder Markus Meisl, ebenfalls eine Fortbildung f\u00fcr Mediator*innen gem\u00e4\u00df ZMediatAusbV und Bundesverband Mediation e.V.)<\/p>\n\n\n\n<p>Zus\u00e4tzlich habe ich &#8222;Moderationstechniken&#8220; in diversten Seminaren bei Rolf Berker (<a href=\"https:\/\/rolfberker.de\/\">Moderation &amp; Mediation<\/a>) gelernt.<\/p>\n\n\n\n<p>Ein paar Jahre sp\u00e4ter habe ich eine Ausbildung zur <strong>Heilpraktikerin Psychotherapie<\/strong> an der <a href=\"https:\/\/www.akademie-psychotherapie.de\/\" data-type=\"link\" data-id=\"https:\/\/www.akademie-psychotherapie.de\/\">Akademie f\u00fcr Psychotherapie<\/a> in Speyer gemacht und dort eine Ausbildung in <strong>Systemischer Beratung<\/strong> und <strong>Therapie<\/strong> angeschlossen. Die Systemik und die Medation haben viele Methoden und Ans\u00e4tze, die sich sehr gut erg\u00e4nzen und die ich immer wieder miteinander vereinbare.<\/p>\n\n\n\n<p>Diesem beruflichen Weg gehen zwei Jahre<strong> Didaktik- und P\u00e4dagogikseminare<\/strong> in Hildesheim und acht Jahre T\u00e4tigkeit als <strong>Lehrerin<\/strong> an einer <a href=\"http:\/\/www.kgs-salzhemmendorf.de\/\" data-type=\"link\" data-id=\"http:\/\/www.kgs-salzhemmendorf.de\/\">Kooperativen Gesamtschule<\/a> voraus, wo ich Klassen aller Schulzweige (Realschule, Hauptschule, Gymnasium einschlie\u00dflich Oberstufe) utnerrichtet habe.  <\/p>\n\n\n\n<p>Mit dem Unterrichten bin ich bereits vorher an einer <a href=\"https:\/\/www.unict.it\/en\/\" data-type=\"link\" data-id=\"https:\/\/www.unict.it\/en\/\">germanistischen Fakult\u00e4t <\/a>in S\u00fcditalien in Ber\u00fchrung gekommen, wo ich drei Jahre lang als &#8222;Lectrice&#8220; angestellt war und ich Student*innen u.a. auch bei ihrer Pr\u00fcfungsangst beigestanden habe. <\/p>\n\n\n\n<p>Der Weg, den ich direkt nach dem Abitur eingeschlagen hatte, um Menschen in Konfliktsituation zu begleiten, hatte vorerst jedoch anders begonnen:<\/p>\n\n\n\n<p>Urspr\u00fcnglich habe ich in Bochum, Nantes und Aix-en-Provence <strong>Rechtswissenschaften<\/strong> studiert, dort mit Master abgeschlossen und dann promoviert.  <\/p>\n","protected":false},"excerpt":{"rendered":"<p>Vielseitig einsetzbar auf dem Weg, Menschen bei Konfliktl\u00f6sungen zu begleiten: Ich habe eine Ausbildung zur zertifizierten Mediatorin in Naturschutz und Planung bei Dr. Gisela Wachinger, pro re, absolviert und dort zus\u00e4tzlich erfolgreich weitere Fortbildungen in &#8222;Mediation von Naturschutz- und Energiewendekonflikten&#8220; und &#8222;Fallworkshop in Gro\u00dfgruppen-Mediation&#8222;. (Siehe [&hellip;]<\/p>\n","protected":false},"author":1,"featured_media":0,"parent":0,"menu_order":7,"comment_status":"closed","ping_status":"closed","template":"","meta":{"footnotes":""},"_links":{"self":[{"href":"https:\/\/jannalehmann.com\/index.php?rest_route=\/wp\/v2\/pages\/92"}],"collection":[{"href":"https:\/\/jannalehmann.com\/index.php?rest_route=\/wp\/v2\/pages"}],"about":[{"href":"https:\/\/jannalehmann.com\/index.php?rest_route=\/wp\/v2\/types\/page"}],"author":[{"embeddable":true,"href":"https:\/\/jannalehmann.com\/index.php?rest_route=\/wp\/v2\/users\/1"}],"replies":[{"embeddable":true,"href":"https:\/\/jannalehmann.com\/index.php?rest_route=%2Fwp%2Fv2%2Fcomments&post=92"}],"version-history":[{"count":54,"href":"https:\/\/jannalehmann.com\/index.php?rest_route=\/wp\/v2\/pages\/92\/revisions"}],"predecessor-version":[{"id":775,"href":"https:\/\/jannalehmann.com\/index.php?rest_route=\/wp\/v2\/pages\/92\/revisions\/775"}],"wp:attachment":[{"href":"https:\/\/jannalehmann.com\/index.php?rest_route=%2Fwp%2Fv2%2Fmedia&parent=92"}],"curies":[{"name":"wp","href":"https:\/\/api.w.org\/{rel}","templated":true}]}}