{"id":65,"date":"2020-10-02T10:53:31","date_gmt":"2020-10-02T10:53:31","guid":{"rendered":"http:\/\/jannalehmann.com\/?page_id=65"},"modified":"2024-09-01T16:52:08","modified_gmt":"2024-09-01T16:52:08","slug":"datenschutz","status":"publish","type":"page","link":"https:\/\/jannalehmann.com\/?page_id=65","title":{"rendered":"Datenschutz"},"content":{"rendered":"\n<p><span style=\"color:#10754d\" class=\"has-inline-color\">(Ja, muss sein!) <\/span><\/p>\n\n\n\n<p><strong>Grundlegendes<\/strong><\/p>\n\n\n\n<p>Diese Datenschutzerkl\u00e4rung soll die Nutzer dieser Website \u00fcber die Art, den Umfang und den Zweck der  Erhebung und  Verwendung personenbezogener Daten durch den  Websitebetreiber informieren.<\/p>\n\n\n\n<p>Der Websitebetreiber nimmt Ihren Datenschutz sehr ernst und behandelt Ihre personenbezogenen Daten  vertraulich  und entsprechend der gesetzlichen Vorschriften. Da durch  neue Technologien und  die st\u00e4ndige Weiterentwicklung dieser Webseite  \u00c4nderungen an dieser  Datenschutzerkl\u00e4rung vorgenommen werden k\u00f6nnen,  empfehlen wir Ihnen sich die  Datenschutzerkl\u00e4rung in regelm\u00e4\u00dfigen  Abst\u00e4nden wieder durchzulesen.<\/p>\n\n\n\n<p>Definitionen der verwendeten  Begriffe (z.B. \u201cpersonenbezogene Daten\u201d oder \u201cVerarbeitung\u201d) finden Sie in Art.  4 DSGVO.<\/p>\n\n\n\n<p><strong>Zugriffsdaten<\/strong><\/p>\n\n\n\n<p>Wir, der Websitebetreiber bzw. Seitenprovider, erheben aufgrund unseres berechtigten Interesses (s.  Art. 6  Abs. 1 lit. f. DSGVO) Daten \u00fcber Zugriffe auf die Website und  speichern diese  als \u201eServer-Logfiles\u201c auf dem Server der Website ab.  Folgende Daten werden so  protokolliert:<\/p>\n\n\n\n<ul><li>\n                Besuchte  Website\n              <\/li><li>\n                Uhrzeit zum  Zeitpunkt des Zugriffes\n              <\/li><li>\n                Menge der  gesendeten Daten in Byte\n              <\/li><li>\n                Quelle\/Verweis,  von welchem Sie auf die Seite gelangten\n              <\/li><li>\n                Verwendeter  Browser\n              <\/li><li>\n                Verwendetes  Betriebssystem\n              <\/li><li>\n                Verwendete  IP-Adresse\n              <\/li><\/ul>\n\n\n\n<p>Die Server-Logfiles werden f\u00fcr  maximal 7 \nTage gespeichert und anschlie\u00dfend gel\u00f6scht. Die Speicherung der Daten  \nerfolgt aus Sicherheitsgr\u00fcnden, um z. B. Missbrauchsf\u00e4lle aufkl\u00e4ren zu \nk\u00f6nnen.  M\u00fcssen Daten aus Beweisgr\u00fcnden aufgehoben werden, sind sie \nsolange von der  L\u00f6schung ausgenommen bis der Vorfall endg\u00fcltig gekl\u00e4rt \nist.<\/p>\n\n\n\n<p><strong>Reichweitenmessung  &amp; Cookies<\/strong><\/p>\n\n\n\n<p>Diese Website verwendet Cookies zur  \npseudonymisierten Reichweitenmessung, die entweder von unserem Server \noder dem  Server Dritter an den Browser des Nutzers \u00fcbertragen werden. \nBei Cookies  handelt es sich um kleine Dateien, welche auf Ihrem \nEndger\u00e4t gespeichert  werden. Ihr Browser greift auf diese Dateien zu. \nDurch den Einsatz von Cookies  erh\u00f6ht sich die Benutzerfreundlichkeit \nund Sicherheit dieser Website.<br>\n  Falls Sie nicht m\u00f6chten, dass  Cookies zur Reichweitenmessung auf \nIhrem Endger\u00e4t gespeichert werden, k\u00f6nnen  Sie dem Einsatz dieser \nDateien hier widersprechen:<\/p>\n\n\n\n<ul><li>\n                Cookie-Deaktivierungsseite  der Netzwerkwerbeinitiative: <a href=\"http:\/\/optout.networkadvertising.org\/?c=1#!\/\">http:\/\/optout.networkadvertising.org\/?c=1#!\/<\/a>\n              <\/li><li>\n                Cookie-Deaktivierungsseite  der US-amerikanischen Website: <a href=\"http:\/\/optout.aboutads.info\/?c=2#!\/\">http:\/\/optout.aboutads.info\/?c=2#!\/<\/a>\n              <\/li><li>\n                Cookie-Deaktivierungsseite  der europ\u00e4ischen Website: <a href=\"http:\/\/optout.networkadvertising.org\/?c=1#!\/\">http:\/\/optout.networkadvertising.org\/?c=1#!\/<\/a>\n              <\/li><\/ul>\n\n\n\n<p>G\u00e4ngige Browser bieten die Einstellungsoption, Cookies nicht zuzulassen. Hinweis: Es ist nicht   gew\u00e4hrleistet, dass Sie auf alle Funktionen dieser Website ohne  Einschr\u00e4nkungen  zugreifen k\u00f6nnen, wenn Sie entsprechende Einstellungen  vornehmen.<\/p>\n\n\n\n<p><strong>Erfassung und Verarbeitung  personenbezogener Daten<\/strong><\/p>\n\n\n\n<p>Der Websitebetreiber erhebt, nutzt  und  gibt Ihre personenbezogenen Daten nur dann weiter, wenn dies im gesetzlichen Rahmen erlaubt ist oder Sie in die Datenerhebung  einwilligen.<br>   Als personenbezogene Daten gelten  s\u00e4mtliche Informationen, welche  dazu dienen, Ihre Person zu bestimmen und  welche zu Ihnen  zur\u00fcckverfolgt werden k\u00f6nnen \u2013 also beispielsweise Ihr Name,  Ihre  E-Mail-Adresse und Telefonnummer.<\/p>\n\n\n\n<p>Diese Website k\u00f6nnen Sie auch  besuchen, ohne Angaben zu Ihrer Person zu machen. Zur Verbesserung unseres Online-Angebotes speichern wir jedoch (ohne Personenbezug) Ihre  Zugriffsdaten  auf diese Website. Zu diesen Zugriffsdaten geh\u00f6ren z. B.  die von Ihnen  angeforderte Datei oder der Name Ihres  Internet-Providers. Durch die  Anonymisierung der Daten sind  R\u00fcckschl\u00fcsse auf Ihre Person nicht m\u00f6glich. <\/p>\n\n\n\n<p><strong>Umgang mit Kontaktdaten<\/strong><\/p>\n\n\n\n<p>Nehmen Sie mit uns als Websitebetreiber durch die angebotenen Kontaktm\u00f6glichkeiten Verbindung auf, werden Ihre  Angaben gespeichert, damit auf diese zur Bearbeitung und Beantwortung Ihrer Anfrage zur\u00fcckgegriffen werden kann. Ohne Ihre Einwilligung werden  diese  Daten nicht an Dritte weitergegeben.<\/p>\n\n\n\n<p><strong>Umgang mit Kommentaren und Beitr\u00e4gen<\/strong><\/p>\n\n\n\n<p>Hinterlassen Sie auf dieser Website  einen\n Beitrag oder Kommentar, wird Ihre IP-Adresse gespeichert. Dies erfolgt \n aufgrund unserer berechtigten Interessen im Sinne des Art. 6 Abs. 1 \nlit. f.  DSGVO und dient der Sicherheit von uns als Websitebetreiber: \nDenn sollte Ihr  Kommentar gegen geltendes Recht versto\u00dfen, k\u00f6nnen wir \ndaf\u00fcr belangt werden,  weshalb wir ein Interesse an der Identit\u00e4t des \nKommentar- bzw. Beitragsautors  haben.<\/p>\n\n\n\n<p><strong>Google Analytics<\/strong><\/p>\n\n\n\n<p>Diese Website nutzt aufgrund unserer  \nberechtigten Interessen zur Optimierung und Analyse unseres \nOnline-Angebots im  Sinne des Art. 6 Abs. 1 lit. f. DSGVO den Dienst \n\u201eGoogle Analytics\u201c, welcher  von der Google Inc. (1600 Amphitheatre \nParkway Mountain View, CA 94043, USA)  angeboten wird. Der Dienst \n(Google Analytics) verwendet \u201eCookies\u201c \u2013  Textdateien, welche auf Ihrem \nEndger\u00e4t gespeichert werden. Die durch die  Cookies gesammelten \nInformationen werden im Regelfall an einen Google-Server in  den USA \ngesandt und dort gespeichert.<\/p>\n\n\n\n<p>Google LLC h\u00e4lt das europ\u00e4ische  Datenschutzrecht ein und ist unter dem Privacy-Shield-Abkommen zertifiziert: <a href=\"https:\/\/www.privacyshield.gov\/participant?id=a2zt000000001L5AAI&amp;status=Active\">https:\/\/www.privacyshield.gov\/participant?id=a2zt000000001L5AAI&amp;status=Active<\/a><\/p>\n\n\n\n<p>Auf dieser Website greift die  \nIP-Anonymisierung. Die IP-Adresse der Nutzer wird innerhalb der  \nMitgliedsstaaten der EU und des Europ\u00e4ischen Wirtschaftsraum und in den \nanderen  Vertragsstaaten des Abkommens gek\u00fcrzt. Nur in Einzelf\u00e4llen wird\n die IP-Adresse  zun\u00e4chst ungek\u00fcrzt in die USA an einen Server von \nGoogle \u00fcbertragen und dort  gek\u00fcrzt. Durch diese K\u00fcrzung entf\u00e4llt der \nPersonenbezug Ihrer IP-Adresse. Die  vom Browser \u00fcbermittelte IP-Adresse\n des Nutzers wird nicht mit anderen von  Google gespeicherten Daten \nkombiniert.<\/p>\n\n\n\n<p>Im Rahmen der Vereinbarung zur  \nAuftragsdatenvereinbarung, welche wir als Websitebetreiber mit der \nGoogle Inc. geschlossen  haben, erstellt diese mithilfe der gesammelten \nInformationen eine Auswertung  der Websitenutzung und der \nWebsiteaktivit\u00e4t und erbringt mit der  Internetnutzung verbundene \nDienstleistungen.<\/p>\n\n\n\n<p>Die von Google in unserem Auftrag  \nerhobenen Daten werden genutzt, um die Nutzung unseres Online-Angebots \ndurch  die einzelnen Nutzer auswerten zu k\u00f6nnen, z. B. um Reports \u00fcber \ndie Aktivit\u00e4t  auf der Website zu erstellen, um unser Online-Angebot zu \nverbessern.<\/p>\n\n\n\n<p>Sie haben die M\u00f6glichkeit, die  \nSpeicherung der Cookies auf Ihrem Ger\u00e4t zu verhindern, indem Sie in \nIhrem  Browser entsprechende Einstellungen vornehmen. Es ist nicht \ngew\u00e4hrleistet, dass  Sie auf alle Funktionen dieser Website ohne \nEinschr\u00e4nkungen zugreifen k\u00f6nnen,  wenn Ihr Browser keine Cookies \nzul\u00e4sst.<\/p>\n\n\n\n<p>Weiterhin k\u00f6nnen Sie durch ein  \nBrowser-Plugin verhindern, dass die durch Cookies gesammelten \nInformationen  (inklusive Ihrer IP-Adresse) an die Google Inc. gesendet \nund von der Google  Inc. genutzt werden. Folgender Link f\u00fchrt Sie zu dem\n entsprechenden Plugin: <a href=\"https:\/\/tools.google.com\/dlpage\/gaoptout?hl=de\">https:\/\/tools.google.com\/dlpage\/gaoptout?hl=de<\/a><\/p>\n\n\n\n<p>Alternativ verhindern Sie mit einem  Klick\n auf diesen Link (WICHTIG: Opt-Out-Link einf\u00fcgen), dass Google Analytics\n  innerhalb dieser Website Daten \u00fcber Sie erfasst. Mit dem Klick auf \nobigen Link  laden Sie ein \u201eOpt-Out-Cookie\u201c herunter. Ihr Browser muss \ndie Speicherung von  Cookies also hierzu grunds\u00e4tzlich erlauben. L\u00f6schen\n Sie Ihre Cookies  regelm\u00e4\u00dfig, ist ein erneuter Klick auf den Link bei \njedem Besuch dieser Website  vonn\u00f6ten.<\/p>\n\n\n\n<p>Hier finden Sie weitere  Informationen zur Datennutzung durch die Google Inc.: <\/p>\n\n\n\n<ul><li>\n                <a href=\"https:\/\/policies.google.com\/privacy\/partners?hl=de\">https:\/\/policies.google.com\/privacy\/partners?hl=de<\/a> (Daten, die von Google-Partnern erhoben werden)\n              <\/li><li>\n                <a href=\"https:\/\/adssettings.google.de\/authenticated\">https:\/\/adssettings.google.de\/authenticated<\/a> (Einstellungen \u00fcber Werbung, die Ihnen angezeigt  wird)\n              <\/li><li>\n                <a href=\"https:\/\/policies.google.com\/technologies\/ads?hl=de\">https:\/\/policies.google.com\/technologies\/ads?hl=de<\/a> (Verwendung von Cookies in Anzeigen)\n              <\/li><\/ul>\n\n\n\n<p><strong>Rechte des Nutzers<\/strong><\/p>\n\n\n\n<p>Sie haben als Nutzer das Recht, auf  \nAntrag eine kostenlose Auskunft dar\u00fcber zu erhalten, welche \npersonenbezogenen  Daten \u00fcber Sie gespeichert wurden. Sie haben au\u00dferdem\n das Recht auf  Berichtigung falscher Daten und auf die \nVerarbeitungseinschr\u00e4nkung oder  L\u00f6schung Ihrer personenbezogenen Daten.\n Falls zutreffend, k\u00f6nnen Sie auch Ihr  Recht auf Datenportabilit\u00e4t \ngeltend machen. Sollten Sie annehmen, dass Ihre  Daten unrechtm\u00e4\u00dfig \nverarbeitet wurden, k\u00f6nnen Sie eine Beschwerde bei der  zust\u00e4ndigen \nAufsichtsbeh\u00f6rde einreichen.<\/p>\n\n\n\n<p><strong>L\u00f6schung von  Daten<\/strong><\/p>\n\n\n\n<p>Sofern Ihr Wunsch nicht mit einer  \ngesetzlichen Pflicht zur Aufbewahrung von Daten (z. B. \nVorratsdatenspeicherung)  kollidiert, haben Sie ein Anrecht auf L\u00f6schung\n Ihrer Daten. Von uns  gespeicherte Daten werden, sollten sie f\u00fcr ihre \nZweckbestimmung nicht mehr  vonn\u00f6ten sein und es keine gesetzlichen \nAufbewahrungsfristen geben, gel\u00f6scht.  Falls eine L\u00f6schung nicht \ndurchgef\u00fchrt werden kann, da die Daten f\u00fcr zul\u00e4ssige  gesetzliche Zwecke\n erforderlich sind, erfolgt eine Einschr\u00e4nkung der Datenverarbeitung.  \nIn diesem Fall werden die Daten gesperrt und nicht f\u00fcr andere Zwecke  \nverarbeitet.<\/p>\n\n\n\n<p><strong>Widerspruchsrecht<\/strong><\/p>\n\n\n\n<p>Nutzer dieser Webseite k\u00f6nnen von  ihrem \nWiderspruchsrecht Gebrauch machen und der Verarbeitung ihrer  \npersonenbezogenen Daten zu jeder Zeit widersprechen. <\/p>\n\n\n\n<p>Wenn Sie eine Berichtigung,  Sperrung,  L\u00f6schung oder Auskunft \u00fcber die zu Ihrer Person gespeicherten   personenbezogenen Daten w\u00fcnschen oder Fragen bzgl. der Erhebung,  Verarbeitung  oder Verwendung Ihrer personenbezogenen Daten haben oder  erteilte Einwilligungen  widerrufen m\u00f6chten, wenden Sie sich bitte an  folgende E-Mail-Adresse: janna-at-jannalehmann.de <\/p>\n\n\n\n<p><sup><strong>(Foto: Sch\u00f6nau am K\u00f6nigssee, Naturpark Berchtesgaden, Juni 2020, \u00a9JannaLehmann)<\/strong><\/sup><\/p>\n","protected":false},"excerpt":{"rendered":"<p>(Ja, muss sein!) Grundlegendes Diese Datenschutzerkl\u00e4rung soll die Nutzer dieser Website \u00fcber die Art, den Umfang und den Zweck der Erhebung und Verwendung personenbezogener Daten durch den Websitebetreiber informieren. Der Websitebetreiber nimmt Ihren Datenschutz sehr ernst und behandelt Ihre personenbezogenen Daten vertraulich und entsprechend der [&hellip;]<\/p>\n","protected":false},"author":1,"featured_media":167,"parent":0,"menu_order":11,"comment_status":"closed","ping_status":"closed","template":"","meta":{"footnotes":""},"_links":{"self":[{"href":"https:\/\/jannalehmann.com\/index.php?rest_route=\/wp\/v2\/pages\/65"}],"collection":[{"href":"https:\/\/jannalehmann.com\/index.php?rest_route=\/wp\/v2\/pages"}],"about":[{"href":"https:\/\/jannalehmann.com\/index.php?rest_route=\/wp\/v2\/types\/page"}],"author":[{"embeddable":true,"href":"https:\/\/jannalehmann.com\/index.php?rest_route=\/wp\/v2\/users\/1"}],"replies":[{"embeddable":true,"href":"https:\/\/jannalehmann.com\/index.php?rest_route=%2Fwp%2Fv2%2Fcomments&post=65"}],"version-history":[{"count":7,"href":"https:\/\/jannalehmann.com\/index.php?rest_route=\/wp\/v2\/pages\/65\/revisions"}],"predecessor-version":[{"id":305,"href":"https:\/\/jannalehmann.com\/index.php?rest_route=\/wp\/v2\/pages\/65\/revisions\/305"}],"wp:featuredmedia":[{"embeddable":true,"href":"https:\/\/jannalehmann.com\/index.php?rest_route=\/wp\/v2\/media\/167"}],"wp:attachment":[{"href":"https:\/\/jannalehmann.com\/index.php?rest_route=%2Fwp%2Fv2%2Fmedia&parent=65"}],"curies":[{"name":"wp","href":"https:\/\/api.w.org\/{rel}","templated":true}]}}