{"id":266,"date":"2020-10-07T14:02:21","date_gmt":"2020-10-07T14:02:21","guid":{"rendered":"http:\/\/jannalehmann.com\/?page_id=266"},"modified":"2025-08-03T18:19:10","modified_gmt":"2025-08-03T18:19:10","slug":"projekte","status":"publish","type":"page","link":"https:\/\/jannalehmann.com\/?page_id=266","title":{"rendered":"Gro\u00dfgruppen-Projekte"},"content":{"rendered":"<div class=\"wp-block-image\">\n<figure class=\"aligncenter size-full is-resized\"><img loading=\"lazy\" decoding=\"async\" width=\"600\" height=\"626\" src=\"http:\/\/jannalehmann.com\/wp-content\/uploads\/2025\/08\/Am_Tisch_Janna-Lehmann.jpg\" alt=\"\" class=\"wp-image-773\" style=\"width:375px;height:auto\" srcset=\"https:\/\/jannalehmann.com\/wp-content\/uploads\/2025\/08\/Am_Tisch_Janna-Lehmann.jpg 600w, https:\/\/jannalehmann.com\/wp-content\/uploads\/2025\/08\/Am_Tisch_Janna-Lehmann-288x300.jpg 288w\" sizes=\"(max-width: 600px) 100vw, 600px\" \/><\/figure><\/div>\n\n\n<p class=\"has-text-color has-link-color has-medium-font-size wp-elements-5722207ff688b0fd4ea4e7f222783b25\" style=\"color:#4f6228\"><strong>Prozesse, an denen ich als Mediatorin oder Moderatorin beteiligt war:<\/strong><\/p>\n\n\n\n<ul>\n<li><strong>Prozessbegleitung: <\/strong>Moderation, Mediation und Unterst\u00fctzung bei der Durchf\u00fchrung im &#8222;Dialogprozess Schulterschluss Artenvielfalt&#8220;, initiiert vom Umwelt- und Landwirtschaftsministerium Rheinland-Pfalz. <strong>Pro re Team<\/strong> mit Dr. Gisela Wachinger, Dr. Janna Lehmann, Albert Lang, Rolf Berker, Dr. J\u00fcrgen Kufner, Clara Fr\u00e4ger.  2023-2024<em>.<\/em><\/li>\n\n\n\n<li><\/li>\n\n\n\n<li><strong>Moderation, BASE<\/strong> (<a href=\"https:\/\/www.google.com\/url?sa=t&amp;source=web&amp;rct=j&amp;opi=89978449&amp;url=https:\/\/www.base.bund.de\/de\/startseite\/startseite_inhalt.html&amp;ved=2ahUKEwjrzdi6nO-OAxVD_7sIHSa3Ox8QFnoECBUQAQ&amp;usg=AOvVaw2lseOhKaRU9FldR4Zo5Ai3\">Bundesamt f\u00fcr die Sicherheit der nuklearen Entsorgung<\/a>, 2023<\/li>\n<\/ul>\n\n\n\n<ul>\n<li><strong>Moderation des Workshop<\/strong> zur grenz\u00fcberschreitenden Wohnbaulandstrategie &#8211; Kooperative Wohnbaulandentwicklung, organisiert durch das Entwicklungsprojekt Oberes Moseltal (EOM), Juni 2021 (im Unterauftrag von Dr. Gisela Wachinger, <a href=\"http:\/\/www.wachinger-pro-re.de\/\" data-type=\"URL\" data-id=\"http:\/\/www.wachinger-pro-re.de\/\" target=\"_blank\" rel=\"noreferrer noopener\">pro re<\/a>).<\/li>\n<\/ul>\n\n\n\n<ul>\n<li><strong>Moderation des Workhops:<\/strong> &#8222;Der deutsche Werkbund reflektiert: Entwicklung und Abw\u00e4gung von Handlungsoptionen&#8220;,  Januar 2021 (im Unterauftrag von Dr. J.Kufner, <a rel=\"noreferrer noopener\" href=\"https:\/\/reinforce.consulting\/\" data-type=\"URL\" data-id=\"https:\/\/reinforce.consulting\/\" target=\"_blank\">reinforce<\/a>).<\/li>\n<\/ul>\n\n\n\n<ul>\n<li><strong>Mitwirkung bei der Entwicklung eines Beteiligungskonzeptes<\/strong> f\u00fcr die Durchf\u00fchrung von Kommunikations- und Partizipationsprozessen zum Thema Hochwasserschutz, im Auftrag des Ministeriums des Innern und f\u00fcr Sport des Landes Rheinland-Pfalz, November 2020. (im Unterauftrag von Dr. Gisela Wachinger, <a href=\"http:\/\/www.wachinger-pro-re.de\/\" data-type=\"URL\" data-id=\"http:\/\/www.wachinger-pro-re.de\/\" target=\"_blank\" rel=\"noreferrer noopener\">pro re<\/a>)<\/li>\n<\/ul>\n\n\n\n<p class=\"has-text-color has-link-color wp-elements-17b2776740dbd79a1a710d5bcb4556d3\" style=\"color:#4f6228\"><strong>Naturschutzfachliche Projekte oder Genehmigungsverfahren, die ich begleitet habe (Auswahl)<\/strong><\/p>\n\n\n\n<ul>\n<li><strong>Ausgleichs- und Ersatzma\u00dfnahmen im SuedOstLink Plus,<\/strong> 2025<\/li>\n\n\n\n<li><strong>Arten- und Naturschutz und Kompensation<\/strong> <strong>im SuedLink Projekt<\/strong>, 2021-2024<\/li>\n\n\n\n<li><strong>&#8222;Potenzialanalyse der Wasserb\u00fcffelbeweidung f\u00fcr die F\u00f6rderung arten- und biomassenreicher Insektengemeinschaften<\/strong>\u201c Auftraggeber: Dr. Herbert Nickel, gef\u00f6rdert durch den Naturschutzfond Baden-W\u00fcrttemberg,<strong> <\/strong>laufend seit Mai 2020.<\/li>\n\n\n\n<li><strong>Untersuchung der Zikadenfauna im Nationalpark Berchtesgaden,<\/strong> Auftraggeber: Naturparkverwaltung Berchtesgaden,  laufend seit Mai 2020.<\/li>\n\n\n\n<li><strong>&#8222;Grundinventarisierung der Zikadenfauna im Nationalpark Schwarzwald und vergleichende Aufnahmen auf beweideten und unbeweideten Fl\u00e4chen&#8220;<\/strong>; Auftraggeber: Nationalpark Schwarzwald, 2019-2020.<\/li>\n\n\n\n<li><strong>&#8222;Zoologische Erfolgskontrolle der Wilden Weiden Taubergie\u00dfen anhand von Zikaden, Heuschrecken und Spinnen&#8220;<\/strong>, RP Freiburg, Naturschutz und Landschaftspflege, M\u00e4rz 2020.<\/li>\n\n\n\n<li><strong>&#8222;Machbarkeitsstudie zur extensiven Ganzjahreseweidung im NSG &lt;Vogelfreist\u00e4tte Glender Wiesen mit Goldbergsee bei Coburg&gt; und der A\/E-Fl\u00e4chen in der SPA-Teilfl\u00e4che am Kleinbachsgraben&#8220;<\/strong>, Edgar Reisinger und Herbert Nickel, Taurus Consult,  Auftraggeber: Regierung von Oberfranken, H\u00f6here Naturschutzbeh\u00f6rde Bayreuth, Dezember 2019.<\/li>\n\n\n\n<li><strong>&#8222;Zoologische Erfolgskontrolle in bayrischen Wiesenbr\u00fctergebieten: Die Zikaden- und Heuschreckenfauna auf extensiven Rinderweiden in der Teuschnitzaue&#8220;<\/strong>, Auftraggeber: \u00d6kologische Bildungsst\u00e4tte Oberfranken, Mai 2019.<\/li>\n\n\n\n<li><strong>&#8222;Zoologisches Monitoring der Ausgleichsma\u00dfnahme f\u00fcr das Hochwasserr\u00fcckhaltebecken Wolterdingen&#8220;<\/strong>, Auftraggeber: RP Freiburg, Landesbetrieb Gew\u00e4sser, Planung und Bau, Hochwasserschutz, M\u00e4rz 2018.<\/li>\n\n\n\n<li><strong>&#8222;Zoologische Erfolgskontrolle auf Gr\u00fcnlandfl\u00e4chen im Stadtgebiet von Braunschweig anhand der Zikaden und Heuschrecken&#8220;<\/strong>, Auftraggeber: F\u00f6rderkreis Umwelt- und Naturschutz Hondelage e.V. (FUN), November 2018.<\/li>\n\n\n\n<li><strong>&#8222;Zoologische Erfolgskontrollen in Schutzgebietsfl\u00e4chen in Bayern&#8220;<\/strong>, Auftraggeber: Landschaftspflegeverband Dingolfing-Landau, November 2017.<\/li>\n\n\n\n<li><strong>&#8222;Zoologische Erfolgskontrolle auf Wilden Weiden in Th\u00fcringen&#8220;<\/strong>, Auftraggeber: Th\u00fcringer Ministerium f\u00fcr Umwelt, Energie und Naturschutz, Dezember 2017 und Dezember 2016.<\/li>\n\n\n\n<li><strong>&#8222;Zoologische Erfolgskontrollen anhand von Zikaden auf unterschiedlich gepflegter Fl\u00e4chen im Kaiserstuhl&#8220;<\/strong>, Auftraggeber: RP Freiburg, Abteilung Umwelt, Mai 2016.<\/li>\n\n\n\n<li><strong>&#8222;Die Zikadenfauna der Moore im Nationalpark Harz&#8220;<\/strong>, Auftraggeber: Nationalpark Harz, 2012-2015.<\/li>\n\n\n\n<li><strong>&#8222;Zikaden, f\u00fcr die Th\u00fcringen eine besondere Verantwortung tr\u00e4gt, unter besonderer Ber\u00fccksichtigung der Kyffh\u00e4userzikade (Psammotettix inexpectatus)&#8220;<\/strong>, Auftraggeber: Th\u00fcringer Landesanstalt f\u00fcr Umwelt und Geologie, Oktober 2016.<\/li>\n<\/ul>\n\n\n\n<p><em>Die Erfahrung dieser Projekte haben mir Einblicke in viele unterschiedliche Arten des Naturschutzmanagement gegeben und mit ihr ihre ganz speziellen Schwierigkeiten und Konfliktpotentiale. So kam ich zur <a href=\"http:\/\/jannalehmann.com\/?page_id=209\">Mediation<\/a>. <\/em><\/p>\n\n\n\n<figure class=\"wp-block-image size-large\"><img loading=\"lazy\" decoding=\"async\" width=\"1024\" height=\"768\" src=\"http:\/\/jannalehmann.com\/wp-content\/uploads\/2020\/10\/IMG_8479-1024x768.jpg\" alt=\"\" class=\"wp-image-273\" srcset=\"https:\/\/jannalehmann.com\/wp-content\/uploads\/2020\/10\/IMG_8479-1024x768.jpg 1024w, https:\/\/jannalehmann.com\/wp-content\/uploads\/2020\/10\/IMG_8479-300x225.jpg 300w, https:\/\/jannalehmann.com\/wp-content\/uploads\/2020\/10\/IMG_8479-768x576.jpg 768w, https:\/\/jannalehmann.com\/wp-content\/uploads\/2020\/10\/IMG_8479-1536x1152.jpg 1536w, https:\/\/jannalehmann.com\/wp-content\/uploads\/2020\/10\/IMG_8479-2048x1536.jpg 2048w\" sizes=\"(max-width: 1024px) 100vw, 1024px\" \/><\/figure>\n\n\n\n<p><em><sup>Waldweide &#8211; Ramsau bei Berchtesgaden, Juni 2020 (\u00a9JannaLehmann)<\/sup><\/em><\/p>\n","protected":false},"excerpt":{"rendered":"<p>Prozesse, an denen ich als Mediatorin oder Moderatorin beteiligt war: Naturschutzfachliche Projekte oder Genehmigungsverfahren, die ich begleitet habe (Auswahl) Die Erfahrung dieser Projekte haben mir Einblicke in viele unterschiedliche Arten des Naturschutzmanagement gegeben und mit ihr ihre ganz speziellen Schwierigkeiten und Konfliktpotentiale. So kam ich [&hellip;]<\/p>\n","protected":false},"author":1,"featured_media":0,"parent":0,"menu_order":5,"comment_status":"closed","ping_status":"closed","template":"","meta":{"footnotes":""},"_links":{"self":[{"href":"https:\/\/jannalehmann.com\/index.php?rest_route=\/wp\/v2\/pages\/266"}],"collection":[{"href":"https:\/\/jannalehmann.com\/index.php?rest_route=\/wp\/v2\/pages"}],"about":[{"href":"https:\/\/jannalehmann.com\/index.php?rest_route=\/wp\/v2\/types\/page"}],"author":[{"embeddable":true,"href":"https:\/\/jannalehmann.com\/index.php?rest_route=\/wp\/v2\/users\/1"}],"replies":[{"embeddable":true,"href":"https:\/\/jannalehmann.com\/index.php?rest_route=%2Fwp%2Fv2%2Fcomments&post=266"}],"version-history":[{"count":59,"href":"https:\/\/jannalehmann.com\/index.php?rest_route=\/wp\/v2\/pages\/266\/revisions"}],"predecessor-version":[{"id":774,"href":"https:\/\/jannalehmann.com\/index.php?rest_route=\/wp\/v2\/pages\/266\/revisions\/774"}],"wp:attachment":[{"href":"https:\/\/jannalehmann.com\/index.php?rest_route=%2Fwp%2Fv2%2Fmedia&parent=266"}],"curies":[{"name":"wp","href":"https:\/\/api.w.org\/{rel}","templated":true}]}}