{"id":209,"date":"2020-10-02T16:34:04","date_gmt":"2020-10-02T16:34:04","guid":{"rendered":"http:\/\/jannalehmann.com\/?page_id=209"},"modified":"2025-10-15T09:48:55","modified_gmt":"2025-10-15T09:48:55","slug":"ablauf","status":"publish","type":"page","link":"https:\/\/jannalehmann.com\/?page_id=209","title":{"rendered":"Ablauf einer Mediation"},"content":{"rendered":"\n<figure class=\"wp-block-image size-large\"><img loading=\"lazy\" decoding=\"async\" width=\"1024\" height=\"394\" src=\"http:\/\/jannalehmann.com\/wp-content\/uploads\/2025\/08\/Murmeltiere_Christian_Hildmann-1024x394.jpg\" alt=\"\" class=\"wp-image-782\" srcset=\"https:\/\/jannalehmann.com\/wp-content\/uploads\/2025\/08\/Murmeltiere_Christian_Hildmann-1024x394.jpg 1024w, https:\/\/jannalehmann.com\/wp-content\/uploads\/2025\/08\/Murmeltiere_Christian_Hildmann-300x116.jpg 300w, https:\/\/jannalehmann.com\/wp-content\/uploads\/2025\/08\/Murmeltiere_Christian_Hildmann-768x296.jpg 768w, https:\/\/jannalehmann.com\/wp-content\/uploads\/2025\/08\/Murmeltiere_Christian_Hildmann-1536x591.jpg 1536w, https:\/\/jannalehmann.com\/wp-content\/uploads\/2025\/08\/Murmeltiere_Christian_Hildmann-2048x789.jpg 2048w\" sizes=\"(max-width: 1024px) 100vw, 1024px\" \/><\/figure>\n\n\n\n<p class=\"has-text-color has-link-color wp-elements-6fbc1465ec9f3504f7940144a5348761\" style=\"color:#4f6228\"><strong>&#8230; was passiert genau?<\/strong><\/p>\n\n\n\n<p>Die Mediation als Form der Konfliktbeilegung ist in Deutschland noch nicht sehr etabliert. Einige kennen das Verfahren der gerichtsnahen Mediation, in dem Streitparteien mit Unterst\u00fctzung der richterlichen Mediatoren und Mediatorinnen ihren Konflikt selbst\u00e4ndig l\u00f6sen. Die Mediation kann aber auch v\u00f6llig unabh\u00e4ngig von Gerichten und in Konflikten zum Tragen kommen, in denen gar keine Klagen oder gerichtliche Verfahren anh\u00e4ngig sind. In dem Fall beauftragen die Konfliktparteien einen unabh\u00e4ngigen Mediator, sie bei der Findung einer L\u00f6sung ihres Konfliktes zu unterst\u00fctzen.<\/p>\n\n\n\n<p>Dabei f\u00e4llen die MediatorInnen weder einen Schiedsspruch noch schlagen sie L\u00f6sungen vor. Sie vertreten auch keine der Konfliktparteien, sondern stehen allen Beteiligten neutral gegen\u00fcber (&#8222;allparteilich&#8220;). <\/p>\n\n\n\n<p><strong>Ihre Aufgabe ist es, die Parteien durch einen Prozess zu f\u00fchren, indem diese gemeinsam selbst ihren Konflikt l\u00f6sen.<\/strong> Durch ihre Ausbildung sind sie geschult, die Parteien in einzelnen Phasen strukturiert auf ein friedliches Diskussionsniveau und in eine l\u00f6sungsorientierte Atmosph\u00e4re zu f\u00fchren und sie so zusammenarbeiten zu lassen, dass sie ein win-win Resultat erarbeiten. <\/p>\n\n\n\n<p class=\"has-text-color has-link-color wp-elements-d94cbdd8c0cd2e49a607e2436d11ed4f\" style=\"color:#4f6228\"><strong><em>Die Vorteile einer Mediation liegen<\/em><\/strong>  <\/p>\n\n\n\n<ul>\n<li>in der Bem\u00fchung, eine <strong>einvernehmliche L\u00f6sung<\/strong> zu finden. Die Mediation ist ein Verfahren, aus dem keiner als Gewinner oder Verlierer herausgehen soll. Die Mediation zielt auf eine <strong>win-win Situation<\/strong> ab. <\/li>\n<\/ul>\n\n\n\n<ul>\n<li>und im Falle des Risikos, dass der Konflikt bei einem Anwalt oder vor einem Gericht enden k\u00f6nnte, in ihrer zu einem Gerichtsverfahren <strong>viel schnelleren, wesentlich kosteng\u00fcnstigeren<\/strong> Ergebnisfindung.<\/li>\n<\/ul>\n\n\n\n<p class=\"has-text-color has-link-color wp-elements-a7894732bb7f4abc835a66523b27b6c8\" style=\"color:#dc9c4d\">So manche Mediation endete schon mit einer L\u00f6sung, ab die keiner vorher gedacht hatte&#8230;<\/p>\n\n\n\n<p class=\"has-text-color has-link-color has-medium-font-size wp-elements-f78ef0681fd03699ac17129c54979658\" style=\"color:#4f6228\"><strong><em>Voraussetzungen f\u00fcr das Gelingen einer Mediation:<\/em><\/strong><\/p>\n\n\n\n<p><em>Ein paar Voraussetzungen m\u00fcssen jedoch erf\u00fcllt sein:<\/em><\/p>\n\n\n\n<ul>\n<li>Alle Parteien m\u00fcssen ehrlich an einer friedlichen Beilegung des Konfliktes und an einer Konsensl\u00f6sung interessiert sein.<\/li>\n\n\n\n<li>W\u00e4hrend der Mediation darf keiner der Parteien etwas Entscheidendes an der Situation ver\u00e4ndern (zum Beispiel nicht zwischendurch einen Anwalt konsultieren, einseitig eine Entscheidung treffen, die den Streitpunkt betrifft und die den anderen vor vollendete Tatsachen stellt).<\/li>\n\n\n\n<li>Die Parteien m\u00fcssen grunds\u00e4tzlich noch in der Lage sein, gemeinsam in einem Raum zusammenzusitzen. <\/li>\n<\/ul>\n\n\n\n<p class=\"has-text-color has-link-color wp-elements-76babfd143f1c073d9739255cf384dd8\" style=\"color:#dc9c4d\">Kosten f\u00fcr Kleingruppenmediation (inkl. USt): <\/p>\n\n\n\n<blockquote class=\"wp-block-quote\">\n<ul>\n<li>Gruppen bis vier Personen: 85\u20ac pro 60 Minuten. <\/li>\n\n\n\n<li>Gr\u00f6\u00dfere Gruppen bis 8 Personen: 120 \u20ac pro 60 Minuten. <\/li>\n\n\n\n<li>F\u00fcr eine Mediationssitzung setzte ich ungef\u00e4hr einen halben Tag an (vier Stunden). <\/li>\n\n\n\n<li>Vorgespr\u00e4che: 56\u20ac (60-90 Minuten)<\/li>\n\n\n\n<li>Wieviele Sitzungen ben\u00f6tigt werden, ist im vornhinein schwer abzusch\u00e4tzen, weder f\u00fcr den Mediator noch f\u00fcr die Medianten.<\/li>\n<\/ul>\n<\/blockquote>\n\n\n\n<p class=\"has-text-color has-link-color wp-elements-40a9ab6205735ad2322321df37ec8b57\" style=\"color:#4f6228\"><sup>Ich biete f\u00fcr nachweislich sehr finanzschwache Personen oder Familien ein reduzierten Honorar an. Daf\u00fcr reserviere ich ein Kontingent von ein Drittel der vergebenen Termine pro Monat. Wenn Sie also den vollen Preis bezahlen, helfen Sie anderen, sich ebenfalls eine Mediation leisten zu k\u00f6nnen. Nehmen Sie es also bitte nur dann in Anspruch, wenn Sie es sich wirklich nicht leisten k\u00f6nnen.<\/sup><\/p>\n\n\n\n<p class=\"has-text-color has-link-color wp-elements-b3281a9cf94b5e281671629f2cea6e5f\" style=\"color:#dc9c4d\">Kosten Gro\u00dfgruppenmediation und Moderation<\/p>\n\n\n\n<blockquote class=\"wp-block-quote\">\n<p>Die Kosten h\u00e4ngen sehr individuell vom Setting ab. Zudem finden Gro\u00dfgruppenmediation nicht selten im Team statt. Ich gehe dann je nach Bedarf auf Mediationskollegen zu. Bitte sprechen Sie mich gezielt an und lassen Sie sich einen Kostenvoranschlag geben. <\/p>\n<\/blockquote>\n\n\n\n<p><sup><em>Foto der Murmeltiere (Upital, S\u00fcdtirol): <\/em>\u00a9<em>Christian Hildmann, <\/em><\/sup><em><sup>2025<\/sup><\/em><\/p>\n\n\n\n<p><\/p>\n","protected":false},"excerpt":{"rendered":"<p>&#8230; was passiert genau? Die Mediation als Form der Konfliktbeilegung ist in Deutschland noch nicht sehr etabliert. Einige kennen das Verfahren der gerichtsnahen Mediation, in dem Streitparteien mit Unterst\u00fctzung der richterlichen Mediatoren und Mediatorinnen ihren Konflikt selbst\u00e4ndig l\u00f6sen. Die Mediation kann aber auch v\u00f6llig unabh\u00e4ngig [&hellip;]<\/p>\n","protected":false},"author":1,"featured_media":0,"parent":0,"menu_order":2,"comment_status":"closed","ping_status":"closed","template":"","meta":{"footnotes":""},"_links":{"self":[{"href":"https:\/\/jannalehmann.com\/index.php?rest_route=\/wp\/v2\/pages\/209"}],"collection":[{"href":"https:\/\/jannalehmann.com\/index.php?rest_route=\/wp\/v2\/pages"}],"about":[{"href":"https:\/\/jannalehmann.com\/index.php?rest_route=\/wp\/v2\/types\/page"}],"author":[{"embeddable":true,"href":"https:\/\/jannalehmann.com\/index.php?rest_route=\/wp\/v2\/users\/1"}],"replies":[{"embeddable":true,"href":"https:\/\/jannalehmann.com\/index.php?rest_route=%2Fwp%2Fv2%2Fcomments&post=209"}],"version-history":[{"count":42,"href":"https:\/\/jannalehmann.com\/index.php?rest_route=\/wp\/v2\/pages\/209\/revisions"}],"predecessor-version":[{"id":791,"href":"https:\/\/jannalehmann.com\/index.php?rest_route=\/wp\/v2\/pages\/209\/revisions\/791"}],"wp:attachment":[{"href":"https:\/\/jannalehmann.com\/index.php?rest_route=%2Fwp%2Fv2%2Fmedia&parent=209"}],"curies":[{"name":"wp","href":"https:\/\/api.w.org\/{rel}","templated":true}]}}