{"id":16,"date":"2020-03-12T09:42:50","date_gmt":"2020-03-12T09:42:50","guid":{"rendered":"http:\/\/jannalehmann.com\/?page_id=16"},"modified":"2025-11-14T17:23:22","modified_gmt":"2025-11-14T17:23:22","slug":"contact","status":"publish","type":"page","link":"https:\/\/jannalehmann.com\/?page_id=16","title":{"rendered":"Impressum\/Kontakt"},"content":{"rendered":"<p><strong><img loading=\"lazy\" decoding=\"async\" class=\"size-full wp-image-484 alignleft\" src=\"http:\/\/jannalehmann.com\/wp-content\/uploads\/2021\/08\/Logo_Med_Trans_schriftzug-drunter_klein.png\" alt=\"\" width=\"100\" height=\"83\" \/><\/strong><\/p>\n<p><strong>m\u00e9dos &#8211; Mediation &amp; Partizipation<br \/><\/strong><\/p>\n<p>Dr. jur. Janna Lehmann<\/p>\n<p>Bertheaustra\u00dfe 5<\/p>\n<p>37075 G\u00f6ttingen<\/p>\n<p>Tel: +49 178-69 50 185<\/p>\n<p>email: janna(at)jannalehmann.com<\/p>\n<p>Ust-ID: DE326028329<\/p>\n\n\n<p><em>NB: m\u00e9dos (altgriechisch) = vermittelnd, unparteisch<\/em><\/p>\n","protected":false},"excerpt":{"rendered":"<p>m\u00e9dos &#8211; Mediation &amp; Partizipation Dr. jur. Janna Lehmann Bertheaustra\u00dfe 5 37075 G\u00f6ttingen Tel: +49 178-69 50 185 email: janna(at)jannalehmann.com Ust-ID: DE326028329 NB: m\u00e9dos (altgriechisch) = vermittelnd, unparteisch<\/p>\n","protected":false},"author":1,"featured_media":350,"parent":0,"menu_order":10,"comment_status":"closed","ping_status":"closed","template":"","meta":{"footnotes":""},"_links":{"self":[{"href":"https:\/\/jannalehmann.com\/index.php?rest_route=\/wp\/v2\/pages\/16"}],"collection":[{"href":"https:\/\/jannalehmann.com\/index.php?rest_route=\/wp\/v2\/pages"}],"about":[{"href":"https:\/\/jannalehmann.com\/index.php?rest_route=\/wp\/v2\/types\/page"}],"author":[{"embeddable":true,"href":"https:\/\/jannalehmann.com\/index.php?rest_route=\/wp\/v2\/users\/1"}],"replies":[{"embeddable":true,"href":"https:\/\/jannalehmann.com\/index.php?rest_route=%2Fwp%2Fv2%2Fcomments&post=16"}],"version-history":[{"count":17,"href":"https:\/\/jannalehmann.com\/index.php?rest_route=\/wp\/v2\/pages\/16\/revisions"}],"predecessor-version":[{"id":793,"href":"https:\/\/jannalehmann.com\/index.php?rest_route=\/wp\/v2\/pages\/16\/revisions\/793"}],"wp:featuredmedia":[{"embeddable":true,"href":"https:\/\/jannalehmann.com\/index.php?rest_route=\/wp\/v2\/media\/350"}],"wp:attachment":[{"href":"https:\/\/jannalehmann.com\/index.php?rest_route=%2Fwp%2Fv2%2Fmedia&parent=16"}],"curies":[{"name":"wp","href":"https:\/\/api.w.org\/{rel}","templated":true}]}}