{"id":131,"date":"2020-10-02T14:39:36","date_gmt":"2020-10-02T14:39:36","guid":{"rendered":"http:\/\/jannalehmann.com\/?page_id=131"},"modified":"2025-08-03T17:29:18","modified_gmt":"2025-08-03T17:29:18","slug":"kooperation","status":"publish","type":"page","link":"https:\/\/jannalehmann.com\/?page_id=131","title":{"rendered":"Kooperation"},"content":{"rendered":"\n<blockquote class=\"wp-block-quote\">\n<p class=\"has-text-color has-link-color wp-elements-71f6d0bf42ae767ed071d234247178fc\" style=\"color:#4f6228\">Ich bin Vorstandmitglied im gemeinn\u00fctzigen <a href=\"https:\/\/www.umweltmediation.info\/de\/homepage\/\" data-type=\"URL\" data-id=\"https:\/\/www.umweltmediation.info\/de\/homepage\/\" target=\"_blank\" rel=\"noreferrer noopener\">F\u00f6rderverein Mediation im \u00f6ffentlichen Bereich e.V.<\/a> (FM\u00f6B)<\/p>\n<\/blockquote>\n\n\n\n<p class=\"has-text-color has-link-color wp-elements-433344fe62536f2f84de01a1cfa78e2b\" style=\"color:#4f6228\"><strong>Meine Kooperationspartner im Bereich Gro\u00dfgruppenmediation: <\/strong><\/p>\n\n\n\n<ul>\n<li><a rel=\"noreferrer noopener\" href=\"http:\/\/wachinger-pro-re.de\/\" target=\"_blank\">Dr. Gisela Wachinger <strong>pro re \u2013 Partizipation und Mediation<\/strong><\/a><\/li>\n\n\n\n<li>Dr.<strong><span style=\"background-color:rgba(0, 0, 0, 0)\" class=\"has-inline-color has-black-color\"><a href=\"https:\/\/reinforce.consulting\" data-type=\"URL\" data-id=\"https:\/\/reinforce.consulting\" target=\"_blank\" rel=\"noreferrer noopener\"> <\/a><\/span><\/strong><span style=\"background-color:rgba(0, 0, 0, 0)\" class=\"has-inline-color has-black-color\"><a href=\"https:\/\/reinforce.consulting\" data-type=\"URL\" data-id=\"https:\/\/reinforce.consulting\" target=\"_blank\" rel=\"noreferrer noopener\">J\u00fcrgen Kufner<\/a><\/span><strong><span style=\"background-color:rgba(0, 0, 0, 0)\" class=\"has-inline-color has-black-color\"> reninforce,<\/span><\/strong> Zertifizierter Mediator und Architekt. <\/li>\n\n\n\n<li><a href=\"http:\/\/rolfberker.de\/\" data-type=\"link\" data-id=\"http:\/\/rolfberker.de\/\">Rolf Berker<\/a> (Diplom-Psychologe), Moderation und Mediation, anerkannter Mediator BM beim Bundesverband Mediation sowie als Wirtschaftsmediator (DGMW) und qualifizierter Trainer f\u00fcr den Lehrgang MODERATIO- BusinessModeratorIn (MBM)\u00ae<\/li>\n\n\n\n<li>Dr. Barbara Malburg-Graf, <a href=\"http:\/\/www.buero-plann.de\/\" data-type=\"link\" data-id=\"http:\/\/www.buero-plann.de\/\">plan_N<\/a>, zertifizierte Mediatorin <\/li>\n\n\n\n<li>Aline Werner, Mediatorin, Bodenkundliche Baubegleitung<\/li>\n\n\n\n<li>Erika M\u00fcller, Mediatorin<\/li>\n<\/ul>\n\n\n\n<p><em><sub>F\u00fcr den Inhalt externer Links bin ich nicht verantwortlich. <\/sub><\/em><\/p>\n\n\n\n<p><sup>(Foto: Sch\u00f6nau am K\u00f6nigssee, Naturpark Berchtesgaden, Juni 2020, \u00a9JannaLehmann)<\/sup><\/p>\n","protected":false},"excerpt":{"rendered":"<p>Ich bin Vorstandmitglied im gemeinn\u00fctzigen F\u00f6rderverein Mediation im \u00f6ffentlichen Bereich e.V. (FM\u00f6B) Meine Kooperationspartner im Bereich Gro\u00dfgruppenmediation: F\u00fcr den Inhalt externer Links bin ich nicht verantwortlich. (Foto: Sch\u00f6nau am K\u00f6nigssee, Naturpark Berchtesgaden, Juni 2020, \u00a9JannaLehmann)<\/p>\n","protected":false},"author":1,"featured_media":170,"parent":0,"menu_order":0,"comment_status":"closed","ping_status":"closed","template":"","meta":{"footnotes":""},"_links":{"self":[{"href":"https:\/\/jannalehmann.com\/index.php?rest_route=\/wp\/v2\/pages\/131"}],"collection":[{"href":"https:\/\/jannalehmann.com\/index.php?rest_route=\/wp\/v2\/pages"}],"about":[{"href":"https:\/\/jannalehmann.com\/index.php?rest_route=\/wp\/v2\/types\/page"}],"author":[{"embeddable":true,"href":"https:\/\/jannalehmann.com\/index.php?rest_route=\/wp\/v2\/users\/1"}],"replies":[{"embeddable":true,"href":"https:\/\/jannalehmann.com\/index.php?rest_route=%2Fwp%2Fv2%2Fcomments&post=131"}],"version-history":[{"count":38,"href":"https:\/\/jannalehmann.com\/index.php?rest_route=\/wp\/v2\/pages\/131\/revisions"}],"predecessor-version":[{"id":749,"href":"https:\/\/jannalehmann.com\/index.php?rest_route=\/wp\/v2\/pages\/131\/revisions\/749"}],"wp:featuredmedia":[{"embeddable":true,"href":"https:\/\/jannalehmann.com\/index.php?rest_route=\/wp\/v2\/media\/170"}],"wp:attachment":[{"href":"https:\/\/jannalehmann.com\/index.php?rest_route=%2Fwp%2Fv2%2Fmedia&parent=131"}],"curies":[{"name":"wp","href":"https:\/\/api.w.org\/{rel}","templated":true}]}}