{"id":525,"date":"2023-12-31T12:48:53","date_gmt":"2023-12-31T12:48:53","guid":{"rendered":"http:\/\/jannalehmann.com\/?page_id=525"},"modified":"2024-09-01T16:49:24","modified_gmt":"2024-09-01T16:49:24","slug":"grossgruppen-mediation-und-partizipation","status":"publish","type":"page","link":"http:\/\/jannalehmann.com\/?page_id=525","title":{"rendered":"Gro\u00dfgruppen Mediation und Partizipation"},"content":{"rendered":"\n<p>\u2026 in <strong>Naturschutz &amp; Planung, Energiewendekonflikte, Fl\u00e4chenmanagement<\/strong><\/p>\n\n\n\n<p class=\"has-text-color\" style=\"color:#2f452f\"><strong><em>Mediationsverfahren, Beteiligungsprozesse, Moderation, Gutachten, Beratung<\/em><\/strong><\/p>\n\n\n\n<ul>\n<li><a href=\"http:\/\/jannalehmann.com\/?page_id=209\" target=\"_blank\" rel=\"noreferrer noopener\">Mediation<\/a> bei Konflikten zwischen Stakeholdern und\/oder den Betroffenen von Projekten<\/li>\n\n\n\n<li>Ausarbeitung, Durchf\u00fchrung und Moderation von <a href=\"http:\/\/jannalehmann.com\/?page_id=441\" target=\"_blank\" rel=\"noreferrer noopener\">Partizipationsverfahren<\/a> (\u201eRunder Tisch\u201c, \u201eZukunftswerkstatt\u201c, \u201eWorld Caf\u00e9\u201c u.\u00e4.)<\/li>\n\n\n\n<li><a href=\"http:\/\/jannalehmann.com\/?page_id=441\" target=\"_blank\" rel=\"noreferrer noopener\">(Konflikt-)moderation<\/a> von Sitzungen, Podiumsdiskussionen, Workshops, \u2026<\/li>\n\n\n\n<li>Organisatorische Unterst\u00fctzung bei der Umsetzung von Umweltschutzidee<\/li>\n\n\n\n<li>Auf Wunsch begleite ich nach dem Verfahren die Parteien in ihrem Prozess weiter<\/li>\n<\/ul>\n\n\n\n<p>Nicht immer muss erst ein Konflikt entstehen, bis der Mediator gerufen wird. Es kommt auch h\u00e4ufig vor, dass der Mediator Partizipationsverfahren ausarbeitet und durchf\u00fchrt oder auch schlicht auf Veranstaltungen wie Workshops, Sitzungen oder Podiumsdiskussionen moderiert. Wie das aussehen kann: siehe <a href=\"http:\/\/jannalehmann.com\/?page_id=441\">Partizipation und Moderation<\/a>.<\/p>\n\n\n\n<p class=\"has-text-color\" style=\"color:#2f452f\"><em>Viele der Dienstleistungen finden <a href=\"http:\/\/jannalehmann.com\/?page_id=131\">zu zweit oder im Team<\/a> statt. Ich bin diesbez\u00fcglich weitl\u00e4ufig vernetzt und werde je nach Auftrag mit entsprechend kompetenten Kollegen \u2013 nat\u00fcrlich nach vorheriger Absprache mit Ihnen als Auftraggeber \u2013 ein Team zusammenstellen.<\/em><\/p>\n\n\n\n<figure class=\"wp-block-image size-large\"><img loading=\"lazy\" decoding=\"async\" width=\"600\" height=\"1024\" src=\"http:\/\/jannalehmann.com\/wp-content\/uploads\/2024\/09\/Dialogoprozess_Janna-Lehmann-600x1024.png\" alt=\"\" class=\"wp-image-669\"\/><\/figure>\n\n\n\n<p class=\"has-text-color\" style=\"color:#2f452f\"><strong>An wen richten sich die Angebote?<\/strong><\/p>\n\n\n\n<ul>\n<li>An <strong>Stakeholder<\/strong>* von Bauplanungsvorhaben oder Umweltprojekten, die entweder eine B\u00fcrgerbeteilung aus rechtlichen Gr\u00fcnden brauchen oder Widerstand von Seiten der B\u00fcrger* erwarten.<\/li>\n\n\n\n<li>An <strong>verantwortliche Beh\u00f6rden<\/strong>, die ein Umweltprojekt planen oder an Zulassungsverfahren beteiligt sind.<\/li>\n\n\n\n<li>An<strong> B\u00fcrgerbewegungen<\/strong>, die bereits in B\u00fcrgerinitiativen organisiert sind.<\/li>\n\n\n\n<li>An von Planungsvorhaben<strong> betroffene B\u00fcrger<\/strong>*, die sich in einer B\u00fcrgerinitiative organisieren wollen und dabei Unterst\u00fctzung ben\u00f6tigen.<\/li>\n\n\n\n<li>An <strong>engagierte Umweltsch\u00fctzer<\/strong>*, die eine Projektidee haben und Umsetzungshilfe suchen.<\/li>\n\n\n\n<li>Allgemein an <strong>Naturschutzvereine<\/strong>, <strong>Stiftungen<\/strong>, <strong>Genossenschaften<\/strong>, <strong>Landschaftspflegeverb\u00e4nde<\/strong> oder auch <strong>Landwirte<\/strong>*, die in Umweltprojekte oder Landschaftsplanung bzw. -pflege involviert sind.<\/li>\n\n\n\n<li>Im Speziellen an <strong>Gebietsbetreuer<\/strong>* von Naturschutzfl\u00e4chen und <strong>Halter* von Tieren<\/strong>, die zur Landschaftspflege eingesetzt werden.<\/li>\n<\/ul>\n\n\n\n<p><em>Sie sind nicht sicher, ob ich Ihnen weiterhelfen kann? <a href=\"http:\/\/jannalehmann.com\/?page_id=16\">Rufen Sie mich einfach an oder schreiben Sie eine Email<\/a> und fragen Sie nach.<\/em><\/p>\n\n\n\n<p><em>Sie m\u00f6chten wissen <a href=\"http:\/\/jannalehmann.com\/?page_id=92\">wer ich bin<\/a> oder was <a href=\"http:\/\/jannalehmann.com\/?page_id=209\">Mediation<\/a> und <a href=\"http:\/\/jannalehmann.com\/?page_id=441\">Partizipationsverfahren<\/a> sind?<\/em><\/p>\n","protected":false},"excerpt":{"rendered":"<p>\u2026 in Naturschutz &amp; Planung, Energiewendekonflikte, Fl\u00e4chenmanagement Mediationsverfahren, Beteiligungsprozesse, Moderation, Gutachten, Beratung Nicht immer muss erst ein Konflikt entstehen, bis der Mediator gerufen wird. Es kommt auch h\u00e4ufig vor, dass der Mediator Partizipationsverfahren ausarbeitet und durchf\u00fchrt oder auch schlicht auf Veranstaltungen wie Workshops, Sitzungen oder [&hellip;]<\/p>\n","protected":false},"author":1,"featured_media":0,"parent":0,"menu_order":1,"comment_status":"closed","ping_status":"closed","template":"","meta":{"footnotes":""},"_links":{"self":[{"href":"http:\/\/jannalehmann.com\/index.php?rest_route=\/wp\/v2\/pages\/525"}],"collection":[{"href":"http:\/\/jannalehmann.com\/index.php?rest_route=\/wp\/v2\/pages"}],"about":[{"href":"http:\/\/jannalehmann.com\/index.php?rest_route=\/wp\/v2\/types\/page"}],"author":[{"embeddable":true,"href":"http:\/\/jannalehmann.com\/index.php?rest_route=\/wp\/v2\/users\/1"}],"replies":[{"embeddable":true,"href":"http:\/\/jannalehmann.com\/index.php?rest_route=%2Fwp%2Fv2%2Fcomments&post=525"}],"version-history":[{"count":7,"href":"http:\/\/jannalehmann.com\/index.php?rest_route=\/wp\/v2\/pages\/525\/revisions"}],"predecessor-version":[{"id":687,"href":"http:\/\/jannalehmann.com\/index.php?rest_route=\/wp\/v2\/pages\/525\/revisions\/687"}],"wp:attachment":[{"href":"http:\/\/jannalehmann.com\/index.php?rest_route=%2Fwp%2Fv2%2Fmedia&parent=525"}],"curies":[{"name":"wp","href":"https:\/\/api.w.org\/{rel}","templated":true}]}}